{"id":12,"date":"2021-01-30T12:43:11","date_gmt":"2021-01-30T11:43:11","guid":{"rendered":"https:\/\/d.r1.wbsprt.com\/acaza.sk\/?page_id=12"},"modified":"2026-04-15T14:47:29","modified_gmt":"2026-04-15T12:47:29","slug":"ilustracie","status":"publish","type":"page","link":"https:\/\/d.r1.wbsprt.com\/acaza.sk\/ilustracie\/","title":{"rendered":"Ilustr\u00e1cie"},"content":{"rendered":"<div class=\"wp-block-image\">\n<figure class=\"aligncenter size-large is-resized\"><img loading=\"lazy\" decoding=\"async\" width=\"880\" height=\"1024\" src=\"https:\/\/www.acaza.sk\/wp-content\/uploads\/2026\/04\/psik-880x1024.jpg\" alt=\"\" class=\"wp-image-756\" style=\"width:388px;height:auto\" srcset=\"https:\/\/d.r1.wbsprt.com\/acaza.sk\/wp-content\/uploads\/2026\/04\/psik-880x1024.jpg 880w, https:\/\/d.r1.wbsprt.com\/acaza.sk\/wp-content\/uploads\/2026\/04\/psik-258x300.jpg 258w, https:\/\/d.r1.wbsprt.com\/acaza.sk\/wp-content\/uploads\/2026\/04\/psik-768x894.jpg 768w, https:\/\/d.r1.wbsprt.com\/acaza.sk\/wp-content\/uploads\/2026\/04\/psik-500x582.jpg 500w, https:\/\/d.r1.wbsprt.com\/acaza.sk\/wp-content\/uploads\/2026\/04\/psik-800x931.jpg 800w, https:\/\/d.r1.wbsprt.com\/acaza.sk\/wp-content\/uploads\/2026\/04\/psik-1200x1396.jpg 1200w, https:\/\/d.r1.wbsprt.com\/acaza.sk\/wp-content\/uploads\/2026\/04\/psik.jpg 1210w\" sizes=\"auto, (max-width: 709px) 85vw, (max-width: 909px) 67vw, (max-width: 1362px) 62vw, 840px\" \/><\/figure><\/div>\n\n\n<figure class=\"wp-block-image size-large\"><img loading=\"lazy\" decoding=\"async\" width=\"1024\" height=\"646\" src=\"https:\/\/www.acaza.sk\/wp-content\/uploads\/2022\/07\/blok1-1-1024x646.jpg\" alt=\"\" class=\"wp-image-350\" srcset=\"https:\/\/d.r1.wbsprt.com\/acaza.sk\/wp-content\/uploads\/2022\/07\/blok1-1-1024x646.jpg 1024w, https:\/\/d.r1.wbsprt.com\/acaza.sk\/wp-content\/uploads\/2022\/07\/blok1-1-300x189.jpg 300w, https:\/\/d.r1.wbsprt.com\/acaza.sk\/wp-content\/uploads\/2022\/07\/blok1-1-768x485.jpg 768w, https:\/\/d.r1.wbsprt.com\/acaza.sk\/wp-content\/uploads\/2022\/07\/blok1-1-500x316.jpg 500w, https:\/\/d.r1.wbsprt.com\/acaza.sk\/wp-content\/uploads\/2022\/07\/blok1-1-800x505.jpg 800w, https:\/\/d.r1.wbsprt.com\/acaza.sk\/wp-content\/uploads\/2022\/07\/blok1-1-1280x808.jpg 1280w, https:\/\/d.r1.wbsprt.com\/acaza.sk\/wp-content\/uploads\/2022\/07\/blok1-1-1920x1212.jpg 1920w, https:\/\/d.r1.wbsprt.com\/acaza.sk\/wp-content\/uploads\/2022\/07\/blok1-1-1536x969.jpg 1536w, https:\/\/d.r1.wbsprt.com\/acaza.sk\/wp-content\/uploads\/2022\/07\/blok1-1-2048x1292.jpg 2048w, https:\/\/d.r1.wbsprt.com\/acaza.sk\/wp-content\/uploads\/2022\/07\/blok1-1-1200x757.jpg 1200w\" sizes=\"auto, (max-width: 709px) 85vw, (max-width: 909px) 67vw, (max-width: 1362px) 62vw, 840px\" \/><\/figure>\n\n\n\n<figure class=\"wp-block-image size-large\"><img loading=\"lazy\" decoding=\"async\" width=\"1024\" height=\"877\" src=\"https:\/\/www.acaza.sk\/wp-content\/uploads\/2022\/07\/blok2-1-1024x877.jpg\" alt=\"\" class=\"wp-image-349\" srcset=\"https:\/\/d.r1.wbsprt.com\/acaza.sk\/wp-content\/uploads\/2022\/07\/blok2-1-1024x877.jpg 1024w, https:\/\/d.r1.wbsprt.com\/acaza.sk\/wp-content\/uploads\/2022\/07\/blok2-1-300x257.jpg 300w, https:\/\/d.r1.wbsprt.com\/acaza.sk\/wp-content\/uploads\/2022\/07\/blok2-1-768x658.jpg 768w, https:\/\/d.r1.wbsprt.com\/acaza.sk\/wp-content\/uploads\/2022\/07\/blok2-1-500x428.jpg 500w, https:\/\/d.r1.wbsprt.com\/acaza.sk\/wp-content\/uploads\/2022\/07\/blok2-1-800x685.jpg 800w, https:\/\/d.r1.wbsprt.com\/acaza.sk\/wp-content\/uploads\/2022\/07\/blok2-1-1280x1097.jpg 1280w, https:\/\/d.r1.wbsprt.com\/acaza.sk\/wp-content\/uploads\/2022\/07\/blok2-1-1920x1645.jpg 1920w, https:\/\/d.r1.wbsprt.com\/acaza.sk\/wp-content\/uploads\/2022\/07\/blok2-1-1536x1316.jpg 1536w, https:\/\/d.r1.wbsprt.com\/acaza.sk\/wp-content\/uploads\/2022\/07\/blok2-1-2048x1754.jpg 2048w, https:\/\/d.r1.wbsprt.com\/acaza.sk\/wp-content\/uploads\/2022\/07\/blok2-1-1200x1028.jpg 1200w\" sizes=\"auto, (max-width: 709px) 85vw, (max-width: 909px) 67vw, (max-width: 1362px) 62vw, 840px\" \/><\/figure>\n\n\n\n<figure class=\"wp-block-image size-large\"><img loading=\"lazy\" decoding=\"async\" width=\"1024\" height=\"913\" src=\"https:\/\/www.acaza.sk\/wp-content\/uploads\/2022\/07\/blok4-1-1024x913.jpg\" alt=\"\" class=\"wp-image-347\" srcset=\"https:\/\/d.r1.wbsprt.com\/acaza.sk\/wp-content\/uploads\/2022\/07\/blok4-1-1024x913.jpg 1024w, https:\/\/d.r1.wbsprt.com\/acaza.sk\/wp-content\/uploads\/2022\/07\/blok4-1-300x268.jpg 300w, https:\/\/d.r1.wbsprt.com\/acaza.sk\/wp-content\/uploads\/2022\/07\/blok4-1-768x685.jpg 768w, https:\/\/d.r1.wbsprt.com\/acaza.sk\/wp-content\/uploads\/2022\/07\/blok4-1-500x446.jpg 500w, https:\/\/d.r1.wbsprt.com\/acaza.sk\/wp-content\/uploads\/2022\/07\/blok4-1-800x713.jpg 800w, https:\/\/d.r1.wbsprt.com\/acaza.sk\/wp-content\/uploads\/2022\/07\/blok4-1-1280x1142.jpg 1280w, https:\/\/d.r1.wbsprt.com\/acaza.sk\/wp-content\/uploads\/2022\/07\/blok4-1-1920x1712.jpg 1920w, https:\/\/d.r1.wbsprt.com\/acaza.sk\/wp-content\/uploads\/2022\/07\/blok4-1-1536x1370.jpg 1536w, https:\/\/d.r1.wbsprt.com\/acaza.sk\/wp-content\/uploads\/2022\/07\/blok4-1-2048x1826.jpg 2048w, https:\/\/d.r1.wbsprt.com\/acaza.sk\/wp-content\/uploads\/2022\/07\/blok4-1-1200x1070.jpg 1200w\" sizes=\"auto, (max-width: 709px) 85vw, (max-width: 909px) 67vw, (max-width: 1362px) 62vw, 840px\" \/><\/figure>\n\n\n<div class=\"wp-block-image\">\n<figure class=\"aligncenter size-large is-resized\"><img loading=\"lazy\" decoding=\"async\" width=\"1024\" height=\"1024\" src=\"https:\/\/www.acaza.sk\/wp-content\/uploads\/2022\/07\/61378534_2246115458838737_7159660763890581504_n-1024x1024.jpg\" alt=\"\" class=\"wp-image-352\" style=\"width:460px;height:auto\" srcset=\"https:\/\/d.r1.wbsprt.com\/acaza.sk\/wp-content\/uploads\/2022\/07\/61378534_2246115458838737_7159660763890581504_n-1024x1024.jpg 1024w, https:\/\/d.r1.wbsprt.com\/acaza.sk\/wp-content\/uploads\/2022\/07\/61378534_2246115458838737_7159660763890581504_n-300x300.jpg 300w, https:\/\/d.r1.wbsprt.com\/acaza.sk\/wp-content\/uploads\/2022\/07\/61378534_2246115458838737_7159660763890581504_n-150x150.jpg 150w, https:\/\/d.r1.wbsprt.com\/acaza.sk\/wp-content\/uploads\/2022\/07\/61378534_2246115458838737_7159660763890581504_n-768x768.jpg 768w, https:\/\/d.r1.wbsprt.com\/acaza.sk\/wp-content\/uploads\/2022\/07\/61378534_2246115458838737_7159660763890581504_n-500x500.jpg 500w, https:\/\/d.r1.wbsprt.com\/acaza.sk\/wp-content\/uploads\/2022\/07\/61378534_2246115458838737_7159660763890581504_n-800x800.jpg 800w, https:\/\/d.r1.wbsprt.com\/acaza.sk\/wp-content\/uploads\/2022\/07\/61378534_2246115458838737_7159660763890581504_n-1280x1280.jpg 1280w, https:\/\/d.r1.wbsprt.com\/acaza.sk\/wp-content\/uploads\/2022\/07\/61378534_2246115458838737_7159660763890581504_n-1920x1920.jpg 1920w, https:\/\/d.r1.wbsprt.com\/acaza.sk\/wp-content\/uploads\/2022\/07\/61378534_2246115458838737_7159660763890581504_n-1536x1536.jpg 1536w, https:\/\/d.r1.wbsprt.com\/acaza.sk\/wp-content\/uploads\/2022\/07\/61378534_2246115458838737_7159660763890581504_n.jpg 2048w, https:\/\/d.r1.wbsprt.com\/acaza.sk\/wp-content\/uploads\/2022\/07\/61378534_2246115458838737_7159660763890581504_n-1200x1200.jpg 1200w\" sizes=\"auto, (max-width: 709px) 85vw, (max-width: 909px) 67vw, (max-width: 1362px) 62vw, 840px\" \/><\/figure><\/div>\n\n<div class=\"wp-block-image\">\n<figure class=\"aligncenter size-large is-resized\"><img loading=\"lazy\" decoding=\"async\" width=\"1024\" height=\"1024\" src=\"https:\/\/www.acaza.sk\/wp-content\/uploads\/2022\/07\/61464241_2246115215505428_7368805063952695296_n-1024x1024.jpg\" alt=\"\" class=\"wp-image-353\" style=\"width:459px;height:auto\" srcset=\"https:\/\/d.r1.wbsprt.com\/acaza.sk\/wp-content\/uploads\/2022\/07\/61464241_2246115215505428_7368805063952695296_n-1024x1024.jpg 1024w, https:\/\/d.r1.wbsprt.com\/acaza.sk\/wp-content\/uploads\/2022\/07\/61464241_2246115215505428_7368805063952695296_n-300x300.jpg 300w, https:\/\/d.r1.wbsprt.com\/acaza.sk\/wp-content\/uploads\/2022\/07\/61464241_2246115215505428_7368805063952695296_n-150x150.jpg 150w, https:\/\/d.r1.wbsprt.com\/acaza.sk\/wp-content\/uploads\/2022\/07\/61464241_2246115215505428_7368805063952695296_n-768x768.jpg 768w, https:\/\/d.r1.wbsprt.com\/acaza.sk\/wp-content\/uploads\/2022\/07\/61464241_2246115215505428_7368805063952695296_n-500x500.jpg 500w, https:\/\/d.r1.wbsprt.com\/acaza.sk\/wp-content\/uploads\/2022\/07\/61464241_2246115215505428_7368805063952695296_n-800x800.jpg 800w, https:\/\/d.r1.wbsprt.com\/acaza.sk\/wp-content\/uploads\/2022\/07\/61464241_2246115215505428_7368805063952695296_n-1280x1280.jpg 1280w, https:\/\/d.r1.wbsprt.com\/acaza.sk\/wp-content\/uploads\/2022\/07\/61464241_2246115215505428_7368805063952695296_n-1920x1920.jpg 1920w, https:\/\/d.r1.wbsprt.com\/acaza.sk\/wp-content\/uploads\/2022\/07\/61464241_2246115215505428_7368805063952695296_n-1536x1536.jpg 1536w, https:\/\/d.r1.wbsprt.com\/acaza.sk\/wp-content\/uploads\/2022\/07\/61464241_2246115215505428_7368805063952695296_n.jpg 2048w, https:\/\/d.r1.wbsprt.com\/acaza.sk\/wp-content\/uploads\/2022\/07\/61464241_2246115215505428_7368805063952695296_n-1200x1200.jpg 1200w\" sizes=\"auto, (max-width: 709px) 85vw, (max-width: 909px) 67vw, (max-width: 1362px) 62vw, 840px\" \/><\/figure><\/div>\n\n<div class=\"wp-block-image\">\n<figure class=\"aligncenter size-large is-resized\"><img loading=\"lazy\" decoding=\"async\" width=\"1024\" height=\"1024\" src=\"https:\/\/www.acaza.sk\/wp-content\/uploads\/2022\/07\/FB_Martin5-1024x1024.jpg\" alt=\"\" class=\"wp-image-374\" style=\"width:460px;height:auto\" srcset=\"https:\/\/d.r1.wbsprt.com\/acaza.sk\/wp-content\/uploads\/2022\/07\/FB_Martin5-1024x1024.jpg 1024w, https:\/\/d.r1.wbsprt.com\/acaza.sk\/wp-content\/uploads\/2022\/07\/FB_Martin5-300x300.jpg 300w, https:\/\/d.r1.wbsprt.com\/acaza.sk\/wp-content\/uploads\/2022\/07\/FB_Martin5-150x150.jpg 150w, https:\/\/d.r1.wbsprt.com\/acaza.sk\/wp-content\/uploads\/2022\/07\/FB_Martin5-768x768.jpg 768w, https:\/\/d.r1.wbsprt.com\/acaza.sk\/wp-content\/uploads\/2022\/07\/FB_Martin5-500x500.jpg 500w, https:\/\/d.r1.wbsprt.com\/acaza.sk\/wp-content\/uploads\/2022\/07\/FB_Martin5-800x800.jpg 800w, https:\/\/d.r1.wbsprt.com\/acaza.sk\/wp-content\/uploads\/2022\/07\/FB_Martin5-1280x1280.jpg 1280w, https:\/\/d.r1.wbsprt.com\/acaza.sk\/wp-content\/uploads\/2022\/07\/FB_Martin5-1920x1920.jpg 1920w, https:\/\/d.r1.wbsprt.com\/acaza.sk\/wp-content\/uploads\/2022\/07\/FB_Martin5-1536x1536.jpg 1536w, https:\/\/d.r1.wbsprt.com\/acaza.sk\/wp-content\/uploads\/2022\/07\/FB_Martin5-2048x2048.jpg 2048w, https:\/\/d.r1.wbsprt.com\/acaza.sk\/wp-content\/uploads\/2022\/07\/FB_Martin5-1200x1200.jpg 1200w\" sizes=\"auto, (max-width: 709px) 85vw, (max-width: 909px) 67vw, (max-width: 1362px) 62vw, 840px\" \/><\/figure><\/div>\n\n<div class=\"wp-block-image\">\n<figure class=\"aligncenter size-large is-resized\"><img loading=\"lazy\" decoding=\"async\" width=\"724\" height=\"1024\" src=\"https:\/\/www.acaza.sk\/wp-content\/uploads\/2025\/05\/Untitled-2-1-724x1024.jpg\" alt=\"\" class=\"wp-image-717\" style=\"width:456px;height:auto\" srcset=\"https:\/\/d.r1.wbsprt.com\/acaza.sk\/wp-content\/uploads\/2025\/05\/Untitled-2-1-724x1024.jpg 724w, https:\/\/d.r1.wbsprt.com\/acaza.sk\/wp-content\/uploads\/2025\/05\/Untitled-2-1-212x300.jpg 212w, https:\/\/d.r1.wbsprt.com\/acaza.sk\/wp-content\/uploads\/2025\/05\/Untitled-2-1-768x1086.jpg 768w, https:\/\/d.r1.wbsprt.com\/acaza.sk\/wp-content\/uploads\/2025\/05\/Untitled-2-1-500x707.jpg 500w, https:\/\/d.r1.wbsprt.com\/acaza.sk\/wp-content\/uploads\/2025\/05\/Untitled-2-1-800x1132.jpg 800w, https:\/\/d.r1.wbsprt.com\/acaza.sk\/wp-content\/uploads\/2025\/05\/Untitled-2-1-1280x1811.jpg 1280w, https:\/\/d.r1.wbsprt.com\/acaza.sk\/wp-content\/uploads\/2025\/05\/Untitled-2-1-1920x2716.jpg 1920w, https:\/\/d.r1.wbsprt.com\/acaza.sk\/wp-content\/uploads\/2025\/05\/Untitled-2-1-1086x1536.jpg 1086w, https:\/\/d.r1.wbsprt.com\/acaza.sk\/wp-content\/uploads\/2025\/05\/Untitled-2-1-1448x2048.jpg 1448w, https:\/\/d.r1.wbsprt.com\/acaza.sk\/wp-content\/uploads\/2025\/05\/Untitled-2-1-1200x1697.jpg 1200w, https:\/\/d.r1.wbsprt.com\/acaza.sk\/wp-content\/uploads\/2025\/05\/Untitled-2-1-scaled.jpg 1810w\" sizes=\"auto, (max-width: 724px) 85vw, 724px\" \/><\/figure><\/div>\n\n\n<p><\/p>\n","protected":false},"excerpt":{"rendered":"","protected":false},"author":1,"featured_media":0,"parent":0,"menu_order":0,"comment_status":"closed","ping_status":"closed","template":"","meta":{"_monsterinsights_skip_tracking":false,"_monsterinsights_sitenote_active":false,"_monsterinsights_sitenote_note":"","_monsterinsights_sitenote_category":0,"_vp_format_video_url":"","_vp_image_focal_point":[],"footnotes":""},"class_list":["post-12","page","type-page","status-publish","hentry"],"yoast_head":"<!-- This site is optimized with the Yoast SEO plugin v15.7 - https:\/\/yoast.com\/wordpress\/plugins\/seo\/ -->\n<title>Ilustr\u00e1cie - ALICA Z\u00c1HORSK\u00c1<\/title>\n<meta name=\"robots\" content=\"index, follow, max-snippet:-1, max-image-preview:large, max-video-preview:-1\" \/>\n<link rel=\"canonical\" href=\"https:\/\/www.acaza.sk\/ilustracie\/\" \/>\n<meta property=\"og:locale\" content=\"sk_SK\" \/>\n<meta property=\"og:type\" content=\"article\" \/>\n<meta property=\"og:title\" content=\"Ilustr\u00e1cie - ALICA Z\u00c1HORSK\u00c1\" \/>\n<meta property=\"og:url\" content=\"https:\/\/www.acaza.sk\/ilustracie\/\" \/>\n<meta property=\"og:site_name\" content=\"ALICA Z\u00c1HORSK\u00c1\" \/>\n<meta property=\"article:modified_time\" content=\"2026-04-15T12:47:29+00:00\" \/>\n<meta property=\"og:image\" content=\"https:\/\/www.acaza.sk\/wp-content\/uploads\/2026\/04\/psik-880x1024.jpg\" \/>\n<meta name=\"twitter:card\" content=\"summary_large_image\" \/>\n<meta name=\"twitter:label1\" content=\"Predpokladan\u00fd \u010das \u010d\u00edtania\">\n\t<meta name=\"twitter:data1\" content=\"3 min\u00faty\">\n<script type=\"application\/ld+json\" class=\"yoast-schema-graph\">{\"@context\":\"https:\/\/schema.org\",\"@graph\":[{\"@type\":\"WebSite\",\"@id\":\"https:\/\/www.acaza.sk\/#website\",\"url\":\"https:\/\/www.acaza.sk\/\",\"name\":\"ALICA Z\\u00c1HORSK\\u00c1\",\"description\":\"portfolio\",\"potentialAction\":[{\"@type\":\"SearchAction\",\"target\":\"https:\/\/www.acaza.sk\/?s={search_term_string}\",\"query-input\":\"required name=search_term_string\"}],\"inLanguage\":\"sk-SK\"},{\"@type\":\"ImageObject\",\"@id\":\"https:\/\/www.acaza.sk\/ilustracie\/#primaryimage\",\"inLanguage\":\"sk-SK\",\"url\":\"https:\/\/www.acaza.sk\/wp-content\/uploads\/2026\/04\/psik-880x1024.jpg\"},{\"@type\":\"WebPage\",\"@id\":\"https:\/\/www.acaza.sk\/ilustracie\/#webpage\",\"url\":\"https:\/\/www.acaza.sk\/ilustracie\/\",\"name\":\"Ilustr\\u00e1cie - ALICA Z\\u00c1HORSK\\u00c1\",\"isPartOf\":{\"@id\":\"https:\/\/www.acaza.sk\/#website\"},\"primaryImageOfPage\":{\"@id\":\"https:\/\/www.acaza.sk\/ilustracie\/#primaryimage\"},\"datePublished\":\"2021-01-30T11:43:11+00:00\",\"dateModified\":\"2026-04-15T12:47:29+00:00\",\"inLanguage\":\"sk-SK\",\"potentialAction\":[{\"@type\":\"ReadAction\",\"target\":[\"https:\/\/www.acaza.sk\/ilustracie\/\"]}]}]}<\/script>\n<!-- \/ Yoast SEO plugin. -->","_links":{"self":[{"href":"https:\/\/d.r1.wbsprt.com\/acaza.sk\/wp-json\/wp\/v2\/pages\/12","targetHints":{"allow":["GET"]}}],"collection":[{"href":"https:\/\/d.r1.wbsprt.com\/acaza.sk\/wp-json\/wp\/v2\/pages"}],"about":[{"href":"https:\/\/d.r1.wbsprt.com\/acaza.sk\/wp-json\/wp\/v2\/types\/page"}],"author":[{"embeddable":true,"href":"https:\/\/d.r1.wbsprt.com\/acaza.sk\/wp-json\/wp\/v2\/users\/1"}],"replies":[{"embeddable":true,"href":"https:\/\/d.r1.wbsprt.com\/acaza.sk\/wp-json\/wp\/v2\/comments?post=12"}],"version-history":[{"count":6,"href":"https:\/\/d.r1.wbsprt.com\/acaza.sk\/wp-json\/wp\/v2\/pages\/12\/revisions"}],"predecessor-version":[{"id":760,"href":"https:\/\/d.r1.wbsprt.com\/acaza.sk\/wp-json\/wp\/v2\/pages\/12\/revisions\/760"}],"wp:attachment":[{"href":"https:\/\/d.r1.wbsprt.com\/acaza.sk\/wp-json\/wp\/v2\/media?parent=12"}],"curies":[{"name":"wp","href":"https:\/\/api.w.org\/{rel}","templated":true}]}}