{"id":10,"date":"2021-01-30T12:42:40","date_gmt":"2021-01-30T11:42:40","guid":{"rendered":"https:\/\/d.r1.wbsprt.com\/acaza.sk\/?page_id=10"},"modified":"2026-01-05T10:11:24","modified_gmt":"2026-01-05T09:11:24","slug":"graficky-dizajn","status":"publish","type":"page","link":"https:\/\/d.r1.wbsprt.com\/acaza.sk\/graficky-dizajn\/","title":{"rendered":"Grafick\u00fd dizajn"},"content":{"rendered":"\n<p><\/p>\n\n\n<div class=\"wp-block-image\">\n<figure class=\"aligncenter size-large is-resized\"><img loading=\"lazy\" decoding=\"async\" width=\"1024\" height=\"536\" src=\"https:\/\/www.acaza.sk\/wp-content\/uploads\/2023\/10\/ktosom_udalost-1024x536.jpg\" alt=\"\" class=\"wp-image-469\" style=\"width:561px;height:293px\" srcset=\"https:\/\/d.r1.wbsprt.com\/acaza.sk\/wp-content\/uploads\/2023\/10\/ktosom_udalost-1024x536.jpg 1024w, https:\/\/d.r1.wbsprt.com\/acaza.sk\/wp-content\/uploads\/2023\/10\/ktosom_udalost-300x157.jpg 300w, https:\/\/d.r1.wbsprt.com\/acaza.sk\/wp-content\/uploads\/2023\/10\/ktosom_udalost-768x402.jpg 768w, https:\/\/d.r1.wbsprt.com\/acaza.sk\/wp-content\/uploads\/2023\/10\/ktosom_udalost-500x262.jpg 500w, https:\/\/d.r1.wbsprt.com\/acaza.sk\/wp-content\/uploads\/2023\/10\/ktosom_udalost-800x419.jpg 800w, https:\/\/d.r1.wbsprt.com\/acaza.sk\/wp-content\/uploads\/2023\/10\/ktosom_udalost.jpg 1200w\" sizes=\"auto, (max-width: 709px) 85vw, (max-width: 909px) 67vw, (max-width: 1362px) 62vw, 840px\" \/><\/figure><\/div>\n\n<div class=\"wp-block-image\">\n<figure class=\"aligncenter size-large is-resized\"><img loading=\"lazy\" decoding=\"async\" width=\"1024\" height=\"488\" src=\"https:\/\/www.acaza.sk\/wp-content\/uploads\/2022\/03\/13923891_1068451626605132_5358078904429268461_o-1-1024x488.jpg\" alt=\"\" class=\"wp-image-243\" style=\"width:558px;height:266px\" srcset=\"https:\/\/d.r1.wbsprt.com\/acaza.sk\/wp-content\/uploads\/2022\/03\/13923891_1068451626605132_5358078904429268461_o-1-1024x488.jpg 1024w, https:\/\/d.r1.wbsprt.com\/acaza.sk\/wp-content\/uploads\/2022\/03\/13923891_1068451626605132_5358078904429268461_o-1-300x143.jpg 300w, https:\/\/d.r1.wbsprt.com\/acaza.sk\/wp-content\/uploads\/2022\/03\/13923891_1068451626605132_5358078904429268461_o-1-768x366.jpg 768w, https:\/\/d.r1.wbsprt.com\/acaza.sk\/wp-content\/uploads\/2022\/03\/13923891_1068451626605132_5358078904429268461_o-1-500x238.jpg 500w, https:\/\/d.r1.wbsprt.com\/acaza.sk\/wp-content\/uploads\/2022\/03\/13923891_1068451626605132_5358078904429268461_o-1-800x381.jpg 800w, https:\/\/d.r1.wbsprt.com\/acaza.sk\/wp-content\/uploads\/2022\/03\/13923891_1068451626605132_5358078904429268461_o-1-1280x610.jpg 1280w, https:\/\/d.r1.wbsprt.com\/acaza.sk\/wp-content\/uploads\/2022\/03\/13923891_1068451626605132_5358078904429268461_o-1-1920x915.jpg 1920w, https:\/\/d.r1.wbsprt.com\/acaza.sk\/wp-content\/uploads\/2022\/03\/13923891_1068451626605132_5358078904429268461_o-1-1536x732.jpg 1536w, https:\/\/d.r1.wbsprt.com\/acaza.sk\/wp-content\/uploads\/2022\/03\/13923891_1068451626605132_5358078904429268461_o-1-2048x976.jpg 2048w, https:\/\/d.r1.wbsprt.com\/acaza.sk\/wp-content\/uploads\/2022\/03\/13923891_1068451626605132_5358078904429268461_o-1-1200x572.jpg 1200w\" sizes=\"auto, (max-width: 709px) 85vw, (max-width: 909px) 67vw, (max-width: 1362px) 62vw, 840px\" \/><\/figure><\/div>\n\n<div class=\"wp-block-image\">\n<figure class=\"aligncenter size-large is-resized\"><img loading=\"lazy\" decoding=\"async\" width=\"1024\" height=\"535\" src=\"https:\/\/www.acaza.sk\/wp-content\/uploads\/2025\/05\/zalubena_budka_udalost-1024x535.jpg\" alt=\"\" class=\"wp-image-706\" style=\"width:555px;height:290px\" srcset=\"https:\/\/d.r1.wbsprt.com\/acaza.sk\/wp-content\/uploads\/2025\/05\/zalubena_budka_udalost-1024x535.jpg 1024w, https:\/\/d.r1.wbsprt.com\/acaza.sk\/wp-content\/uploads\/2025\/05\/zalubena_budka_udalost-300x157.jpg 300w, https:\/\/d.r1.wbsprt.com\/acaza.sk\/wp-content\/uploads\/2025\/05\/zalubena_budka_udalost-768x402.jpg 768w, https:\/\/d.r1.wbsprt.com\/acaza.sk\/wp-content\/uploads\/2025\/05\/zalubena_budka_udalost-500x261.jpg 500w, https:\/\/d.r1.wbsprt.com\/acaza.sk\/wp-content\/uploads\/2025\/05\/zalubena_budka_udalost-800x418.jpg 800w, https:\/\/d.r1.wbsprt.com\/acaza.sk\/wp-content\/uploads\/2025\/05\/zalubena_budka_udalost.jpg 1199w\" sizes=\"auto, (max-width: 709px) 85vw, (max-width: 909px) 67vw, (max-width: 1362px) 62vw, 840px\" \/><\/figure><\/div>\n\n<div class=\"wp-block-image\">\n<figure class=\"aligncenter size-large is-resized\"><img loading=\"lazy\" decoding=\"async\" width=\"1024\" height=\"576\" src=\"https:\/\/www.acaza.sk\/wp-content\/uploads\/2022\/07\/artanok22_udalost_FB-1024x576.jpg\" alt=\"\" class=\"wp-image-343\" style=\"width:559px;height:315px\" srcset=\"https:\/\/d.r1.wbsprt.com\/acaza.sk\/wp-content\/uploads\/2022\/07\/artanok22_udalost_FB-1024x576.jpg 1024w, https:\/\/d.r1.wbsprt.com\/acaza.sk\/wp-content\/uploads\/2022\/07\/artanok22_udalost_FB-300x169.jpg 300w, https:\/\/d.r1.wbsprt.com\/acaza.sk\/wp-content\/uploads\/2022\/07\/artanok22_udalost_FB-768x432.jpg 768w, https:\/\/d.r1.wbsprt.com\/acaza.sk\/wp-content\/uploads\/2022\/07\/artanok22_udalost_FB-500x281.jpg 500w, https:\/\/d.r1.wbsprt.com\/acaza.sk\/wp-content\/uploads\/2022\/07\/artanok22_udalost_FB-800x450.jpg 800w, https:\/\/d.r1.wbsprt.com\/acaza.sk\/wp-content\/uploads\/2022\/07\/artanok22_udalost_FB-1280x720.jpg 1280w, https:\/\/d.r1.wbsprt.com\/acaza.sk\/wp-content\/uploads\/2022\/07\/artanok22_udalost_FB-1920x1080.jpg 1920w, https:\/\/d.r1.wbsprt.com\/acaza.sk\/wp-content\/uploads\/2022\/07\/artanok22_udalost_FB-1536x864.jpg 1536w, https:\/\/d.r1.wbsprt.com\/acaza.sk\/wp-content\/uploads\/2022\/07\/artanok22_udalost_FB-2048x1152.jpg 2048w, https:\/\/d.r1.wbsprt.com\/acaza.sk\/wp-content\/uploads\/2022\/07\/artanok22_udalost_FB-1200x675.jpg 1200w\" sizes=\"auto, (max-width: 709px) 85vw, (max-width: 909px) 67vw, (max-width: 1362px) 62vw, 840px\" \/><\/figure><\/div>\n\n<div class=\"wp-block-image\">\n<figure class=\"aligncenter size-large is-resized\"><img loading=\"lazy\" decoding=\"async\" width=\"1024\" height=\"724\" src=\"https:\/\/www.acaza.sk\/wp-content\/uploads\/2022\/07\/azahorskaportfolio_web6-1024x724.jpg\" alt=\"\" class=\"wp-image-337\" style=\"width:605px;height:428px\" srcset=\"https:\/\/d.r1.wbsprt.com\/acaza.sk\/wp-content\/uploads\/2022\/07\/azahorskaportfolio_web6-1024x724.jpg 1024w, https:\/\/d.r1.wbsprt.com\/acaza.sk\/wp-content\/uploads\/2022\/07\/azahorskaportfolio_web6-300x212.jpg 300w, https:\/\/d.r1.wbsprt.com\/acaza.sk\/wp-content\/uploads\/2022\/07\/azahorskaportfolio_web6-768x543.jpg 768w, https:\/\/d.r1.wbsprt.com\/acaza.sk\/wp-content\/uploads\/2022\/07\/azahorskaportfolio_web6-500x354.jpg 500w, https:\/\/d.r1.wbsprt.com\/acaza.sk\/wp-content\/uploads\/2022\/07\/azahorskaportfolio_web6-800x566.jpg 800w, https:\/\/d.r1.wbsprt.com\/acaza.sk\/wp-content\/uploads\/2022\/07\/azahorskaportfolio_web6-1280x905.jpg 1280w, https:\/\/d.r1.wbsprt.com\/acaza.sk\/wp-content\/uploads\/2022\/07\/azahorskaportfolio_web6-1920x1358.jpg 1920w, https:\/\/d.r1.wbsprt.com\/acaza.sk\/wp-content\/uploads\/2022\/07\/azahorskaportfolio_web6-1536x1086.jpg 1536w, https:\/\/d.r1.wbsprt.com\/acaza.sk\/wp-content\/uploads\/2022\/07\/azahorskaportfolio_web6-2048x1448.jpg 2048w, https:\/\/d.r1.wbsprt.com\/acaza.sk\/wp-content\/uploads\/2022\/07\/azahorskaportfolio_web6-1200x849.jpg 1200w\" sizes=\"auto, (max-width: 709px) 85vw, (max-width: 909px) 67vw, (max-width: 1362px) 62vw, 840px\" \/><\/figure><\/div>\n\n<div class=\"wp-block-image\">\n<figure class=\"aligncenter size-large is-resized\"><img loading=\"lazy\" decoding=\"async\" width=\"1024\" height=\"724\" src=\"https:\/\/www.acaza.sk\/wp-content\/uploads\/2022\/03\/azahorskaportfolio_web11-1024x724.jpg\" alt=\"\" class=\"wp-image-228\" style=\"width:582px;height:411px\" srcset=\"https:\/\/d.r1.wbsprt.com\/acaza.sk\/wp-content\/uploads\/2022\/03\/azahorskaportfolio_web11-1024x724.jpg 1024w, https:\/\/d.r1.wbsprt.com\/acaza.sk\/wp-content\/uploads\/2022\/03\/azahorskaportfolio_web11-300x212.jpg 300w, https:\/\/d.r1.wbsprt.com\/acaza.sk\/wp-content\/uploads\/2022\/03\/azahorskaportfolio_web11-768x543.jpg 768w, https:\/\/d.r1.wbsprt.com\/acaza.sk\/wp-content\/uploads\/2022\/03\/azahorskaportfolio_web11-500x354.jpg 500w, https:\/\/d.r1.wbsprt.com\/acaza.sk\/wp-content\/uploads\/2022\/03\/azahorskaportfolio_web11-800x566.jpg 800w, https:\/\/d.r1.wbsprt.com\/acaza.sk\/wp-content\/uploads\/2022\/03\/azahorskaportfolio_web11-1280x905.jpg 1280w, https:\/\/d.r1.wbsprt.com\/acaza.sk\/wp-content\/uploads\/2022\/03\/azahorskaportfolio_web11-1920x1358.jpg 1920w, https:\/\/d.r1.wbsprt.com\/acaza.sk\/wp-content\/uploads\/2022\/03\/azahorskaportfolio_web11-1536x1086.jpg 1536w, https:\/\/d.r1.wbsprt.com\/acaza.sk\/wp-content\/uploads\/2022\/03\/azahorskaportfolio_web11-2048x1448.jpg 2048w, https:\/\/d.r1.wbsprt.com\/acaza.sk\/wp-content\/uploads\/2022\/03\/azahorskaportfolio_web11-1200x849.jpg 1200w\" sizes=\"auto, (max-width: 709px) 85vw, (max-width: 909px) 67vw, (max-width: 1362px) 62vw, 840px\" \/><\/figure><\/div>\n\n<div class=\"wp-block-image\">\n<figure class=\"aligncenter size-large is-resized\"><img loading=\"lazy\" decoding=\"async\" width=\"1024\" height=\"724\" src=\"https:\/\/www.acaza.sk\/wp-content\/uploads\/2022\/03\/azahorskaportfolio_web12-1024x724.jpg\" alt=\"\" class=\"wp-image-229\" style=\"width:608px;height:430px\" srcset=\"https:\/\/d.r1.wbsprt.com\/acaza.sk\/wp-content\/uploads\/2022\/03\/azahorskaportfolio_web12-1024x724.jpg 1024w, https:\/\/d.r1.wbsprt.com\/acaza.sk\/wp-content\/uploads\/2022\/03\/azahorskaportfolio_web12-300x212.jpg 300w, https:\/\/d.r1.wbsprt.com\/acaza.sk\/wp-content\/uploads\/2022\/03\/azahorskaportfolio_web12-768x543.jpg 768w, https:\/\/d.r1.wbsprt.com\/acaza.sk\/wp-content\/uploads\/2022\/03\/azahorskaportfolio_web12-500x354.jpg 500w, https:\/\/d.r1.wbsprt.com\/acaza.sk\/wp-content\/uploads\/2022\/03\/azahorskaportfolio_web12-800x566.jpg 800w, https:\/\/d.r1.wbsprt.com\/acaza.sk\/wp-content\/uploads\/2022\/03\/azahorskaportfolio_web12-1280x905.jpg 1280w, https:\/\/d.r1.wbsprt.com\/acaza.sk\/wp-content\/uploads\/2022\/03\/azahorskaportfolio_web12-1920x1358.jpg 1920w, https:\/\/d.r1.wbsprt.com\/acaza.sk\/wp-content\/uploads\/2022\/03\/azahorskaportfolio_web12-1536x1086.jpg 1536w, https:\/\/d.r1.wbsprt.com\/acaza.sk\/wp-content\/uploads\/2022\/03\/azahorskaportfolio_web12-2048x1448.jpg 2048w, https:\/\/d.r1.wbsprt.com\/acaza.sk\/wp-content\/uploads\/2022\/03\/azahorskaportfolio_web12-1200x849.jpg 1200w\" sizes=\"auto, (max-width: 709px) 85vw, (max-width: 909px) 67vw, (max-width: 1362px) 62vw, 840px\" \/><\/figure><\/div>\n\n<div class=\"wp-block-image\">\n<figure class=\"aligncenter size-large is-resized\"><img loading=\"lazy\" decoding=\"async\" width=\"1024\" height=\"724\" src=\"https:\/\/www.acaza.sk\/wp-content\/uploads\/2022\/03\/azahorskaportfolio_web9-1024x724.jpg\" alt=\"\" class=\"wp-image-226\" style=\"width:599px;height:423px\" srcset=\"https:\/\/d.r1.wbsprt.com\/acaza.sk\/wp-content\/uploads\/2022\/03\/azahorskaportfolio_web9-1024x724.jpg 1024w, https:\/\/d.r1.wbsprt.com\/acaza.sk\/wp-content\/uploads\/2022\/03\/azahorskaportfolio_web9-300x212.jpg 300w, https:\/\/d.r1.wbsprt.com\/acaza.sk\/wp-content\/uploads\/2022\/03\/azahorskaportfolio_web9-768x543.jpg 768w, https:\/\/d.r1.wbsprt.com\/acaza.sk\/wp-content\/uploads\/2022\/03\/azahorskaportfolio_web9-500x354.jpg 500w, https:\/\/d.r1.wbsprt.com\/acaza.sk\/wp-content\/uploads\/2022\/03\/azahorskaportfolio_web9-800x566.jpg 800w, https:\/\/d.r1.wbsprt.com\/acaza.sk\/wp-content\/uploads\/2022\/03\/azahorskaportfolio_web9-1280x905.jpg 1280w, https:\/\/d.r1.wbsprt.com\/acaza.sk\/wp-content\/uploads\/2022\/03\/azahorskaportfolio_web9-1920x1358.jpg 1920w, https:\/\/d.r1.wbsprt.com\/acaza.sk\/wp-content\/uploads\/2022\/03\/azahorskaportfolio_web9-1536x1086.jpg 1536w, https:\/\/d.r1.wbsprt.com\/acaza.sk\/wp-content\/uploads\/2022\/03\/azahorskaportfolio_web9-2048x1448.jpg 2048w, https:\/\/d.r1.wbsprt.com\/acaza.sk\/wp-content\/uploads\/2022\/03\/azahorskaportfolio_web9-1200x849.jpg 1200w\" sizes=\"auto, (max-width: 709px) 85vw, (max-width: 909px) 67vw, (max-width: 1362px) 62vw, 840px\" \/><\/figure><\/div>\n\n<div class=\"wp-block-image\">\n<figure class=\"aligncenter size-large is-resized\"><img loading=\"lazy\" decoding=\"async\" width=\"1024\" height=\"853\" src=\"https:\/\/www.acaza.sk\/wp-content\/uploads\/2025\/05\/logo_zidovska_skola_7ram_menora_cierna_WEB_v1-1-1024x853.jpg\" alt=\"\" class=\"wp-image-711\" style=\"aspect-ratio:1.2005899705014749;width:215px;height:auto\" srcset=\"https:\/\/d.r1.wbsprt.com\/acaza.sk\/wp-content\/uploads\/2025\/05\/logo_zidovska_skola_7ram_menora_cierna_WEB_v1-1-1024x853.jpg 1024w, https:\/\/d.r1.wbsprt.com\/acaza.sk\/wp-content\/uploads\/2025\/05\/logo_zidovska_skola_7ram_menora_cierna_WEB_v1-1-300x250.jpg 300w, https:\/\/d.r1.wbsprt.com\/acaza.sk\/wp-content\/uploads\/2025\/05\/logo_zidovska_skola_7ram_menora_cierna_WEB_v1-1-768x640.jpg 768w, https:\/\/d.r1.wbsprt.com\/acaza.sk\/wp-content\/uploads\/2025\/05\/logo_zidovska_skola_7ram_menora_cierna_WEB_v1-1-500x416.jpg 500w, https:\/\/d.r1.wbsprt.com\/acaza.sk\/wp-content\/uploads\/2025\/05\/logo_zidovska_skola_7ram_menora_cierna_WEB_v1-1-800x666.jpg 800w, https:\/\/d.r1.wbsprt.com\/acaza.sk\/wp-content\/uploads\/2025\/05\/logo_zidovska_skola_7ram_menora_cierna_WEB_v1-1-1280x1066.jpg 1280w, https:\/\/d.r1.wbsprt.com\/acaza.sk\/wp-content\/uploads\/2025\/05\/logo_zidovska_skola_7ram_menora_cierna_WEB_v1-1-1536x1279.jpg 1536w, https:\/\/d.r1.wbsprt.com\/acaza.sk\/wp-content\/uploads\/2025\/05\/logo_zidovska_skola_7ram_menora_cierna_WEB_v1-1-1200x999.jpg 1200w, https:\/\/d.r1.wbsprt.com\/acaza.sk\/wp-content\/uploads\/2025\/05\/logo_zidovska_skola_7ram_menora_cierna_WEB_v1-1.jpg 1770w\" sizes=\"auto, (max-width: 709px) 85vw, (max-width: 909px) 67vw, (max-width: 1362px) 62vw, 840px\" \/><\/figure><\/div>\n\n<div class=\"wp-block-image\">\n<figure class=\"aligncenter size-large is-resized\"><img loading=\"lazy\" decoding=\"async\" width=\"1013\" height=\"1024\" src=\"https:\/\/www.acaza.sk\/wp-content\/uploads\/2023\/10\/levice_budovy_print-1013x1024.jpg\" alt=\"\" class=\"wp-image-497\" style=\"aspect-ratio:0.9893899204244032;width:217px;height:auto\" srcset=\"https:\/\/d.r1.wbsprt.com\/acaza.sk\/wp-content\/uploads\/2023\/10\/levice_budovy_print-1013x1024.jpg 1013w, https:\/\/d.r1.wbsprt.com\/acaza.sk\/wp-content\/uploads\/2023\/10\/levice_budovy_print-297x300.jpg 297w, https:\/\/d.r1.wbsprt.com\/acaza.sk\/wp-content\/uploads\/2023\/10\/levice_budovy_print-768x776.jpg 768w, https:\/\/d.r1.wbsprt.com\/acaza.sk\/wp-content\/uploads\/2023\/10\/levice_budovy_print-500x505.jpg 500w, https:\/\/d.r1.wbsprt.com\/acaza.sk\/wp-content\/uploads\/2023\/10\/levice_budovy_print-800x809.jpg 800w, https:\/\/d.r1.wbsprt.com\/acaza.sk\/wp-content\/uploads\/2023\/10\/levice_budovy_print-1280x1294.jpg 1280w, https:\/\/d.r1.wbsprt.com\/acaza.sk\/wp-content\/uploads\/2023\/10\/levice_budovy_print-1920x1941.jpg 1920w, https:\/\/d.r1.wbsprt.com\/acaza.sk\/wp-content\/uploads\/2023\/10\/levice_budovy_print-1520x1536.jpg 1520w, https:\/\/d.r1.wbsprt.com\/acaza.sk\/wp-content\/uploads\/2023\/10\/levice_budovy_print-2026x2048.jpg 2026w, https:\/\/d.r1.wbsprt.com\/acaza.sk\/wp-content\/uploads\/2023\/10\/levice_budovy_print-1200x1213.jpg 1200w\" sizes=\"auto, (max-width: 709px) 85vw, (max-width: 909px) 67vw, (max-width: 1362px) 62vw, 840px\" \/><\/figure><\/div>","protected":false},"excerpt":{"rendered":"","protected":false},"author":1,"featured_media":0,"parent":0,"menu_order":0,"comment_status":"closed","ping_status":"closed","template":"","meta":{"_monsterinsights_skip_tracking":false,"_monsterinsights_sitenote_active":false,"_monsterinsights_sitenote_note":"","_monsterinsights_sitenote_category":0,"_vp_format_video_url":"","_vp_image_focal_point":[],"footnotes":""},"class_list":["post-10","page","type-page","status-publish","hentry"],"yoast_head":"<!-- This site is optimized with the Yoast SEO plugin v15.7 - https:\/\/yoast.com\/wordpress\/plugins\/seo\/ -->\n<title>Grafick\u00fd dizajn - ALICA Z\u00c1HORSK\u00c1<\/title>\n<meta name=\"robots\" content=\"index, follow, max-snippet:-1, max-image-preview:large, max-video-preview:-1\" \/>\n<link rel=\"canonical\" href=\"https:\/\/www.acaza.sk\/graficky-dizajn\/\" \/>\n<meta property=\"og:locale\" content=\"sk_SK\" \/>\n<meta property=\"og:type\" content=\"article\" \/>\n<meta property=\"og:title\" content=\"Grafick\u00fd dizajn - ALICA Z\u00c1HORSK\u00c1\" \/>\n<meta property=\"og:url\" content=\"https:\/\/www.acaza.sk\/graficky-dizajn\/\" \/>\n<meta property=\"og:site_name\" content=\"ALICA Z\u00c1HORSK\u00c1\" \/>\n<meta property=\"article:modified_time\" content=\"2026-01-05T09:11:24+00:00\" \/>\n<meta property=\"og:image\" content=\"https:\/\/www.acaza.sk\/wp-content\/uploads\/2023\/10\/ktosom_udalost-1024x536.jpg\" \/>\n<meta name=\"twitter:card\" content=\"summary_large_image\" \/>\n<meta name=\"twitter:label1\" content=\"Predpokladan\u00fd \u010das \u010d\u00edtania\">\n\t<meta name=\"twitter:data1\" content=\"3 min\u00faty\">\n<script type=\"application\/ld+json\" class=\"yoast-schema-graph\">{\"@context\":\"https:\/\/schema.org\",\"@graph\":[{\"@type\":\"WebSite\",\"@id\":\"https:\/\/www.acaza.sk\/#website\",\"url\":\"https:\/\/www.acaza.sk\/\",\"name\":\"ALICA Z\\u00c1HORSK\\u00c1\",\"description\":\"portfolio\",\"potentialAction\":[{\"@type\":\"SearchAction\",\"target\":\"https:\/\/www.acaza.sk\/?s={search_term_string}\",\"query-input\":\"required name=search_term_string\"}],\"inLanguage\":\"sk-SK\"},{\"@type\":\"ImageObject\",\"@id\":\"https:\/\/www.acaza.sk\/graficky-dizajn\/#primaryimage\",\"inLanguage\":\"sk-SK\",\"url\":\"https:\/\/www.acaza.sk\/wp-content\/uploads\/2023\/10\/ktosom_udalost-1024x536.jpg\"},{\"@type\":\"WebPage\",\"@id\":\"https:\/\/www.acaza.sk\/graficky-dizajn\/#webpage\",\"url\":\"https:\/\/www.acaza.sk\/graficky-dizajn\/\",\"name\":\"Grafick\\u00fd dizajn - ALICA Z\\u00c1HORSK\\u00c1\",\"isPartOf\":{\"@id\":\"https:\/\/www.acaza.sk\/#website\"},\"primaryImageOfPage\":{\"@id\":\"https:\/\/www.acaza.sk\/graficky-dizajn\/#primaryimage\"},\"datePublished\":\"2021-01-30T11:42:40+00:00\",\"dateModified\":\"2026-01-05T09:11:24+00:00\",\"inLanguage\":\"sk-SK\",\"potentialAction\":[{\"@type\":\"ReadAction\",\"target\":[\"https:\/\/www.acaza.sk\/graficky-dizajn\/\"]}]}]}<\/script>\n<!-- \/ Yoast SEO plugin. -->","_links":{"self":[{"href":"https:\/\/d.r1.wbsprt.com\/acaza.sk\/wp-json\/wp\/v2\/pages\/10","targetHints":{"allow":["GET"]}}],"collection":[{"href":"https:\/\/d.r1.wbsprt.com\/acaza.sk\/wp-json\/wp\/v2\/pages"}],"about":[{"href":"https:\/\/d.r1.wbsprt.com\/acaza.sk\/wp-json\/wp\/v2\/types\/page"}],"author":[{"embeddable":true,"href":"https:\/\/d.r1.wbsprt.com\/acaza.sk\/wp-json\/wp\/v2\/users\/1"}],"replies":[{"embeddable":true,"href":"https:\/\/d.r1.wbsprt.com\/acaza.sk\/wp-json\/wp\/v2\/comments?post=10"}],"version-history":[{"count":5,"href":"https:\/\/d.r1.wbsprt.com\/acaza.sk\/wp-json\/wp\/v2\/pages\/10\/revisions"}],"predecessor-version":[{"id":734,"href":"https:\/\/d.r1.wbsprt.com\/acaza.sk\/wp-json\/wp\/v2\/pages\/10\/revisions\/734"}],"wp:attachment":[{"href":"https:\/\/d.r1.wbsprt.com\/acaza.sk\/wp-json\/wp\/v2\/media?parent=10"}],"curies":[{"name":"wp","href":"https:\/\/api.w.org\/{rel}","templated":true}]}}