{"id":68,"date":"2021-01-28T20:28:27","date_gmt":"2021-01-28T19:28:27","guid":{"rendered":"http:\/\/quantbooq.com\/?page_id=68"},"modified":"2026-01-23T12:11:56","modified_gmt":"2026-01-23T11:11:56","slug":"case-studies","status":"publish","type":"page","link":"http:\/\/d.r1.wbsprt.com\/quantbooq.com\/case-studies\/","title":{"rendered":"Case Studies"},"content":{"rendered":"\n<h2>Retail Operations improved by Employee Retention<\/h2>\n\n\n\n<p>People analytics helped the company to solve operational issues.<\/p>\n\n\n\n<h2>Organizational Culture Alignment<\/h2>\n\n\n\n<p>People analytics helped the company to re-align key internal procedures and policies that fostered desired behaviours and performance.<\/p>\n\n\n\n<h2>Leadership Pipeline and Performance Improvement<\/h2>\n\n\n\n<p>People analytics helped the company to identify main blocks in leadership development and to implement key improvements.<\/p>\n\n\n\n<h2>EU Pay Transparency Directive 970\/2023<\/h2>\n\n\n\n<p>Review and analysis of compliance with the gender gap directive requirements. Equal value review and advisory. Action plan for compliance with the EU directive. <\/p>\n\n\n\n<p>Analytical tool for gender gap reporting including all required statistics. 12 projects across EU countries already completed with valuable experience and insights.<\/p>\n\n\n\n<p>Reporting a pr\u00edpravn\u00e1 anal\u00fdza pod\u013ea E\u00da smernice 970\/2023 o transparentnom odme\u0148ovan\u00ed.<\/p>\n\n\n\n<p><\/p>\n","protected":false},"excerpt":{"rendered":"<p>Retail Operations improved by Employee Retention People analytics helped the company to solve operational issues. Organizational Culture Alignment People analytics helped the company to re-align key internal procedures and policies that fostered desired behaviours and performance. Leadership Pipeline and Performance Improvement People analytics helped the company to identify main blocks in leadership development and to [&hellip;]<\/p>\n","protected":false},"author":1,"featured_media":0,"parent":0,"menu_order":0,"comment_status":"closed","ping_status":"closed","template":"","meta":{"_monsterinsights_skip_tracking":false,"_monsterinsights_sitenote_active":false,"_monsterinsights_sitenote_note":"","_monsterinsights_sitenote_category":0},"yoast_head":"<!-- This site is optimized with the Yoast SEO plugin v15.6.2 - https:\/\/yoast.com\/wordpress\/plugins\/seo\/ -->\n<title>Case Studies - QuantbooQ<\/title>\n<meta name=\"robots\" content=\"index, follow, max-snippet:-1, max-image-preview:large, max-video-preview:-1\" \/>\n<link rel=\"canonical\" href=\"https:\/\/quantbooq.com\/case-studies\/\" \/>\n<meta property=\"og:locale\" content=\"sk_SK\" \/>\n<meta property=\"og:type\" content=\"article\" \/>\n<meta property=\"og:title\" content=\"Case Studies - QuantbooQ\" \/>\n<meta property=\"og:description\" content=\"Retail Operations improved by Employee Retention People analytics helped the company to solve operational issues. Organizational Culture Alignment People analytics helped the company to re-align key internal procedures and policies that fostered desired behaviours and performance. Leadership Pipeline and Performance Improvement People analytics helped the company to identify main blocks in leadership development and to [&hellip;]\" \/>\n<meta property=\"og:url\" content=\"https:\/\/quantbooq.com\/case-studies\/\" \/>\n<meta property=\"og:site_name\" content=\"QuantbooQ\" \/>\n<meta property=\"article:modified_time\" content=\"2026-01-23T11:11:56+00:00\" \/>\n<meta name=\"twitter:card\" content=\"summary_large_image\" \/>\n<meta name=\"twitter:label1\" content=\"Predpokladan\u00fd \u010das \u010d\u00edtania\">\n\t<meta name=\"twitter:data1\" content=\"1 min\u00fata\">\n<script type=\"application\/ld+json\" class=\"yoast-schema-graph\">{\"@context\":\"https:\/\/schema.org\",\"@graph\":[{\"@type\":\"WebSite\",\"@id\":\"https:\/\/quantbooq.com\/#website\",\"url\":\"https:\/\/quantbooq.com\/\",\"name\":\"QuantbooQ\",\"description\":\"People Strategy, Analytics &amp; Operations\",\"potentialAction\":[{\"@type\":\"SearchAction\",\"target\":\"https:\/\/quantbooq.com\/?s={search_term_string}\",\"query-input\":\"required name=search_term_string\"}],\"inLanguage\":\"sk-SK\"},{\"@type\":\"WebPage\",\"@id\":\"https:\/\/quantbooq.com\/case-studies\/#webpage\",\"url\":\"https:\/\/quantbooq.com\/case-studies\/\",\"name\":\"Case Studies - QuantbooQ\",\"isPartOf\":{\"@id\":\"https:\/\/quantbooq.com\/#website\"},\"datePublished\":\"2021-01-28T19:28:27+00:00\",\"dateModified\":\"2026-01-23T11:11:56+00:00\",\"inLanguage\":\"sk-SK\",\"potentialAction\":[{\"@type\":\"ReadAction\",\"target\":[\"https:\/\/quantbooq.com\/case-studies\/\"]}]}]}<\/script>\n<!-- \/ Yoast SEO plugin. -->","_links":{"self":[{"href":"http:\/\/d.r1.wbsprt.com\/quantbooq.com\/wp-json\/wp\/v2\/pages\/68"}],"collection":[{"href":"http:\/\/d.r1.wbsprt.com\/quantbooq.com\/wp-json\/wp\/v2\/pages"}],"about":[{"href":"http:\/\/d.r1.wbsprt.com\/quantbooq.com\/wp-json\/wp\/v2\/types\/page"}],"author":[{"embeddable":true,"href":"http:\/\/d.r1.wbsprt.com\/quantbooq.com\/wp-json\/wp\/v2\/users\/1"}],"replies":[{"embeddable":true,"href":"http:\/\/d.r1.wbsprt.com\/quantbooq.com\/wp-json\/wp\/v2\/comments?post=68"}],"version-history":[{"count":3,"href":"http:\/\/d.r1.wbsprt.com\/quantbooq.com\/wp-json\/wp\/v2\/pages\/68\/revisions"}],"predecessor-version":[{"id":95,"href":"http:\/\/d.r1.wbsprt.com\/quantbooq.com\/wp-json\/wp\/v2\/pages\/68\/revisions\/95"}],"wp:attachment":[{"href":"http:\/\/d.r1.wbsprt.com\/quantbooq.com\/wp-json\/wp\/v2\/media?parent=68"}],"curies":[{"name":"wp","href":"https:\/\/api.w.org\/{rel}","templated":true}]}}