{"id":56,"date":"2021-01-20T20:31:02","date_gmt":"2021-01-20T19:31:02","guid":{"rendered":"http:\/\/quantbooq.com\/?page_id=56"},"modified":"2022-11-26T18:11:45","modified_gmt":"2022-11-26T17:11:45","slug":"about-us","status":"publish","type":"page","link":"http:\/\/d.r1.wbsprt.com\/quantbooq.com\/about-us\/","title":{"rendered":"About us"},"content":{"rendered":"\n<p>We merge qualitative and quantitative data, insights and stories into achievable agenda for implementation.<\/p>\n\n\n\n<div class=\"wp-block-group\"><div class=\"wp-block-group__inner-container\">\n<hr class=\"wp-block-separator is-style-wide\"\/>\n<\/div><\/div>\n\n\n\n<div class=\"wp-block-columns\">\n<div class=\"wp-block-column\">\n<div class=\"wp-block-columns\">\n<div class=\"wp-block-column\">\n<h3><strong>HUMAN CAPITAL VALUE<\/strong><\/h3>\n\n\n\n<p>What&#8217;s your human capital value?<\/p>\n\n\n\n<p>What are the underlying trends that increase your human capital value?<\/p>\n\n\n\n<p>What are the main detractors of your human capital value?<\/p>\n\n\n\n<p>How does your human capital value reflect the HR &amp; Business strategy?<\/p>\n<\/div>\n\n\n\n<div class=\"wp-block-column\">\n<h3><strong>PAIN POINTS<\/strong><\/h3>\n\n\n\n<p>What are your HR pain points?<\/p>\n\n\n\n<p>What is their business impact?<\/p>\n\n\n\n<p>What costs are related to your HR pain points?<\/p>\n\n\n\n<p>What are the key levers for removing your HR pain points?<\/p>\n\n\n\n<p>How to achieve the desired business impact of HR actions?<\/p>\n<\/div>\n<\/div>\n<\/div>\n<\/div>\n\n\n\n<div class=\"wp-block-columns\">\n<div class=\"wp-block-column\">\n<h3><strong>PEOPLE ANALYTICS<\/strong><\/h3>\n\n\n\n<p>Who to hire?<\/p>\n\n\n\n<p>Who to promote?<\/p>\n\n\n\n<p>How to retain your key people?<\/p>\n\n\n\n<p>How to design your organisation in order to achieve your business goals?<\/p>\n\n\n\n<p>What&#8217;s key for engagement at your organisation?<\/p>\n\n\n\n<p>How to improve productivity?<\/p>\n<\/div>\n\n\n\n<div class=\"wp-block-column\">\n<h3><strong>HR STRATEGY REVIEW &amp; DESIGN<\/strong><\/h3>\n\n\n\n<p>Is your data aligned with your HR strategic assumptions?<\/p>\n\n\n\n<p>Do you have specific and quantified scenarios for your HR strategic actions?<\/p>\n\n\n\n<p>Is your HR strategy aligned with your planned business goals?<\/p>\n\n\n\n<p>Do you know which HR costs are primarily related to your business impact?<\/p>\n<\/div>\n<\/div>\n\n\n\n<h3><strong>HR DEPARTMENT EFFECTIVENESS<\/strong><\/h3>\n\n\n\n<p>Is your HR department structured along your HR strategy?<\/p>\n\n\n\n<p>Is your HR team data driven? Are your processes aligned?<\/p>\n\n\n\n<p>Are your HR processes effective? Do they have the desired business impact?<\/p>\n","protected":false},"excerpt":{"rendered":"<p>We merge qualitative and quantitative data, insights and stories into achievable agenda for implementation. PEOPLE ANALYTICS Who to hire? Who to promote? How to retain your key people? How to design your organisation in order to achieve your business goals? What&#8217;s key for engagement at your organisation? How to improve productivity? HR STRATEGY REVIEW &amp; [&hellip;]<\/p>\n","protected":false},"author":1,"featured_media":0,"parent":0,"menu_order":0,"comment_status":"closed","ping_status":"closed","template":"","meta":{"_monsterinsights_skip_tracking":false,"_monsterinsights_sitenote_active":false,"_monsterinsights_sitenote_note":"","_monsterinsights_sitenote_category":0},"yoast_head":"<!-- This site is optimized with the Yoast SEO plugin v15.6.2 - https:\/\/yoast.com\/wordpress\/plugins\/seo\/ -->\n<title>About us - QuantbooQ<\/title>\n<meta name=\"robots\" content=\"index, follow, max-snippet:-1, max-image-preview:large, max-video-preview:-1\" \/>\n<link rel=\"canonical\" href=\"http:\/\/d.r1.wbsprt.com\/quantbooq.com\/about-us\/\" \/>\n<meta property=\"og:locale\" content=\"sk_SK\" \/>\n<meta property=\"og:type\" content=\"article\" \/>\n<meta property=\"og:title\" content=\"About us - QuantbooQ\" \/>\n<meta property=\"og:description\" content=\"We merge qualitative and quantitative data, insights and stories into achievable agenda for implementation. PEOPLE ANALYTICS Who to hire? Who to promote? How to retain your key people? How to design your organisation in order to achieve your business goals? What&#8217;s key for engagement at your organisation? How to improve productivity? HR STRATEGY REVIEW &amp; [&hellip;]\" \/>\n<meta property=\"og:url\" content=\"http:\/\/d.r1.wbsprt.com\/quantbooq.com\/about-us\/\" \/>\n<meta property=\"og:site_name\" content=\"QuantbooQ\" \/>\n<meta property=\"article:modified_time\" content=\"2022-11-26T17:11:45+00:00\" \/>\n<meta name=\"twitter:card\" content=\"summary_large_image\" \/>\n<meta name=\"twitter:label1\" content=\"Predpokladan\u00fd \u010das \u010d\u00edtania\">\n\t<meta name=\"twitter:data1\" content=\"1 min\u00fata\">\n<script type=\"application\/ld+json\" class=\"yoast-schema-graph\">{\"@context\":\"https:\/\/schema.org\",\"@graph\":[{\"@type\":\"WebSite\",\"@id\":\"https:\/\/quantbooq.com\/#website\",\"url\":\"https:\/\/quantbooq.com\/\",\"name\":\"QuantbooQ\",\"description\":\"People Strategy, Analytics &amp; Operations\",\"potentialAction\":[{\"@type\":\"SearchAction\",\"target\":\"https:\/\/quantbooq.com\/?s={search_term_string}\",\"query-input\":\"required name=search_term_string\"}],\"inLanguage\":\"sk-SK\"},{\"@type\":\"WebPage\",\"@id\":\"http:\/\/d.r1.wbsprt.com\/quantbooq.com\/about-us\/#webpage\",\"url\":\"http:\/\/d.r1.wbsprt.com\/quantbooq.com\/about-us\/\",\"name\":\"About us - QuantbooQ\",\"isPartOf\":{\"@id\":\"https:\/\/quantbooq.com\/#website\"},\"datePublished\":\"2021-01-20T19:31:02+00:00\",\"dateModified\":\"2022-11-26T17:11:45+00:00\",\"inLanguage\":\"sk-SK\",\"potentialAction\":[{\"@type\":\"ReadAction\",\"target\":[\"http:\/\/d.r1.wbsprt.com\/quantbooq.com\/about-us\/\"]}]}]}<\/script>\n<!-- \/ Yoast SEO plugin. -->","_links":{"self":[{"href":"http:\/\/d.r1.wbsprt.com\/quantbooq.com\/wp-json\/wp\/v2\/pages\/56"}],"collection":[{"href":"http:\/\/d.r1.wbsprt.com\/quantbooq.com\/wp-json\/wp\/v2\/pages"}],"about":[{"href":"http:\/\/d.r1.wbsprt.com\/quantbooq.com\/wp-json\/wp\/v2\/types\/page"}],"author":[{"embeddable":true,"href":"http:\/\/d.r1.wbsprt.com\/quantbooq.com\/wp-json\/wp\/v2\/users\/1"}],"replies":[{"embeddable":true,"href":"http:\/\/d.r1.wbsprt.com\/quantbooq.com\/wp-json\/wp\/v2\/comments?post=56"}],"version-history":[{"count":3,"href":"http:\/\/d.r1.wbsprt.com\/quantbooq.com\/wp-json\/wp\/v2\/pages\/56\/revisions"}],"predecessor-version":[{"id":77,"href":"http:\/\/d.r1.wbsprt.com\/quantbooq.com\/wp-json\/wp\/v2\/pages\/56\/revisions\/77"}],"wp:attachment":[{"href":"http:\/\/d.r1.wbsprt.com\/quantbooq.com\/wp-json\/wp\/v2\/media?parent=56"}],"curies":[{"name":"wp","href":"https:\/\/api.w.org\/{rel}","templated":true}]}}